{"id":17578,"date":"2024-07-11T14:50:13","date_gmt":"2024-07-11T12:50:13","guid":{"rendered":"https:\/\/lemonpro.com\/contact\/"},"modified":"2024-11-08T15:32:45","modified_gmt":"2024-11-08T14:32:45","slug":"contact","status":"publish","type":"page","link":"https:\/\/lemonpro.com\/en\/contact\/","title":{"rendered":"Contact"},"content":{"rendered":"<div class=\"container\">\n            <\/div>\n\n<section class=\"b-hero o-uniwersal  default b-hero--bottom-space\" id=\"block_44ae79702e0de5dfbca06a669e92b878\" style=\"\">\n\n    \n    <div class=\"b-hero__wrapper\">\n\n        \n            <div class=\"b-hero__img-wrapper\" style=\"--bg_image_color: #ffd400; --bg_image_bg_color: #ffff21;\">\n                <img decoding=\"async\" width=\"2560\" height=\"859\" src=\"https:\/\/lemonpro-cmffdgb6cqctgyhx.z03.azurefd.net\/wp-content\/uploads\/2024\/07\/PNG-image-scaled.jpeg\" class=\"b-hero__img\" alt=\"\" loading=\"lazy\" style=\"--opacity: 0.68\" srcset=\"https:\/\/lemonpro-cmffdgb6cqctgyhx.z03.azurefd.net\/wp-content\/uploads\/2024\/07\/PNG-image-scaled.jpeg 2560w, https:\/\/lemonpro-cmffdgb6cqctgyhx.z03.azurefd.net\/wp-content\/uploads\/2024\/07\/PNG-image-300x101.jpeg 300w, https:\/\/lemonpro-cmffdgb6cqctgyhx.z03.azurefd.net\/wp-content\/uploads\/2024\/07\/PNG-image-1024x343.jpeg 1024w, https:\/\/lemonpro-cmffdgb6cqctgyhx.z03.azurefd.net\/wp-content\/uploads\/2024\/07\/PNG-image-768x258.jpeg 768w, https:\/\/lemonpro-cmffdgb6cqctgyhx.z03.azurefd.net\/wp-content\/uploads\/2024\/07\/PNG-image-1536x515.jpeg 1536w, https:\/\/lemonpro-cmffdgb6cqctgyhx.z03.azurefd.net\/wp-content\/uploads\/2024\/07\/PNG-image-2048x687.jpeg 2048w\" sizes=\"auto, (max-width: 2560px) 100vw, 2560px\" \/>\n            <\/div>\n\n        \t\t\n\n        \t\t\n\n        <div class=\"container b-hero__container\">\n            <div class=\"row b-hero__row\">\n                <div class=\"col-lg-6 offset-lg-2 b-hero__col b-hero__col--desc\">\n                    <div class=\"b-hero__header\">\n\n                        \n                            <h1 class=\"c-heading b-hero__title c-heading--size-h1 c-heading--color-default\" style=\"\">Contact<\/h1>\n\n                        \n                                                \n                                            <\/div>\n                <\/div>\n            <\/div>\n\n            \n        <\/div>\n    <\/div>\n<\/section><div class=\"b-contact__wrapper \">\n        <div class=\"container\">\n            <div class=\"row\">\n                <div class=\"col-lg-10 col\" style=\"margin-inline: auto\">\n                    <div id=\"block_7b1cb6fe6215c910d3603fb1e80fbcc6\" class=\"b-contact \">\n                        <div class=\"b-contact__wrapper\">\n                            \n                                <h2 class=\"c-heading b-contact__title c-heading--size-h2 c-heading--color-default\" style=\"\">Ask us for details<\/h2>\n\n                            \n                                                        \n<div class=\"wpcf7 no-js\" id=\"wpcf7-f17595-o1\" lang=\"en-US\" dir=\"ltr\" data-wpcf7-id=\"17595\">\n<div class=\"screen-reader-response\"><p role=\"status\" aria-live=\"polite\" aria-atomic=\"true\"><\/p> <ul><\/ul><\/div>\n<form action=\"\/en\/wp-json\/wp\/v2\/pages\/17578#wpcf7-f17595-o1\" method=\"post\" class=\"wpcf7-form init\" aria-label=\"Contact form\" novalidate=\"novalidate\" data-status=\"init\">\n<fieldset class=\"hidden-fields-container\"><input type=\"hidden\" name=\"_wpcf7\" value=\"17595\" \/><input type=\"hidden\" name=\"_wpcf7_version\" value=\"6.1.5\" \/><input type=\"hidden\" name=\"_wpcf7_locale\" value=\"en_US\" \/><input type=\"hidden\" name=\"_wpcf7_unit_tag\" value=\"wpcf7-f17595-o1\" \/><input type=\"hidden\" name=\"_wpcf7_container_post\" value=\"0\" \/><input type=\"hidden\" name=\"_wpcf7_posted_data_hash\" value=\"\" \/><input type=\"hidden\" name=\"_wpcf7_recaptcha_response\" value=\"\" \/>\n<\/fieldset>\n<div class=\"b-contact__form\">\n  <div class=\"b-contact__row\">\n    <div><span class=\"wpcf7-form-control-wrap\" data-name=\"my-name\"><input size=\"40\" maxlength=\"400\" class=\"wpcf7-form-control wpcf7-text wpcf7-validates-as-required\" aria-required=\"true\" aria-invalid=\"false\" placeholder=\"First Name and Last Name\" value=\"\" type=\"text\" name=\"my-name\" \/><\/span><\/div>\n    <div><span class=\"wpcf7-form-control-wrap\" data-name=\"my-email\"><input size=\"40\" maxlength=\"400\" class=\"wpcf7-form-control wpcf7-email wpcf7-validates-as-required wpcf7-text wpcf7-validates-as-email\" aria-required=\"true\" aria-invalid=\"false\" placeholder=\"Business Email Address\" value=\"\" type=\"email\" name=\"my-email\" \/><\/span><\/div>\n  <\/div>\n  <div class=\"b-contact__row\">\n    <div><span class=\"wpcf7-form-control-wrap\" data-name=\"my-business\"><input size=\"40\" maxlength=\"400\" class=\"wpcf7-form-control wpcf7-text\" aria-invalid=\"false\" placeholder=\"Company\" value=\"\" type=\"text\" name=\"my-business\" \/><\/span><\/div>\n    <div><span class=\"wpcf7-form-control-wrap\" data-name=\"my-tel\"><input size=\"40\" maxlength=\"400\" class=\"wpcf7-form-control wpcf7-tel wpcf7-text wpcf7-validates-as-tel\" aria-invalid=\"false\" placeholder=\"Phone\" value=\"\" type=\"tel\" name=\"my-tel\" \/><\/span><\/div>\n  <\/div>\n  <div><span class=\"wpcf7-form-control-wrap\" data-name=\"my-message\"><textarea cols=\"40\" rows=\"10\" maxlength=\"2000\" class=\"wpcf7-form-control wpcf7-textarea\" aria-invalid=\"false\" placeholder=\"Message\" name=\"my-message\"><\/textarea><\/span><\/div>\n  <div class=\"b-contact__row\">\n    <div>\n      <span class=\"radio-label\">PRODUCTS YOU ARE INTERESTED IN:<\/span>\n      <span class=\"wpcf7-form-control-wrap\" data-name=\"my-products\"><span class=\"wpcf7-form-control wpcf7-checkbox\"><span class=\"wpcf7-list-item first\"><label><input type=\"checkbox\" name=\"my-products[]\" value=\"Microsoft Azure \/ Microsoft 365\" checked=\"checked\" \/><span class=\"wpcf7-list-item-label\">Microsoft Azure \/ Microsoft 365<\/span><\/label><\/span><span class=\"wpcf7-list-item\"><label><input type=\"checkbox\" name=\"my-products[]\" value=\"Azure AI \/ Copilot \/ Open AI\" \/><span class=\"wpcf7-list-item-label\">Azure AI \/ Copilot \/ Open AI<\/span><\/label><\/span><span class=\"wpcf7-list-item\"><label><input type=\"checkbox\" name=\"my-products[]\" value=\"Microsoft Fabric \/ Power BI\" \/><span class=\"wpcf7-list-item-label\">Microsoft Fabric \/ Power BI<\/span><\/label><\/span><span class=\"wpcf7-list-item\"><label><input type=\"checkbox\" name=\"my-products[]\" value=\"Druva Backup\" \/><span class=\"wpcf7-list-item-label\">Druva Backup<\/span><\/label><\/span><span class=\"wpcf7-list-item\"><label><input type=\"checkbox\" name=\"my-products[]\" value=\"Next Generation AI Video Monitoring\" \/><span class=\"wpcf7-list-item-label\">Next Generation AI Video Monitoring<\/span><\/label><\/span><span class=\"wpcf7-list-item\"><label><input type=\"checkbox\" name=\"my-products[]\" value=\"NFON \/ Virtual VoIP exchanges\" \/><span class=\"wpcf7-list-item-label\">NFON \/ Virtual VoIP exchanges<\/span><\/label><\/span><span class=\"wpcf7-list-item last\"><label><input type=\"checkbox\" name=\"my-products[]\" value=\"Other\" \/><span class=\"wpcf7-list-item-label\">Other<\/span><\/label><\/span><\/span><\/span>\n    <\/div>\n    <div>\n      <span class=\"radio-label\">SERVICES YOU ARE INTERESTED IN:<\/span>\n      <span class=\"wpcf7-form-control-wrap\" data-name=\"my-services\"><span class=\"wpcf7-form-control wpcf7-checkbox\"><span class=\"wpcf7-list-item first\"><label><input type=\"checkbox\" name=\"my-services[]\" value=\"Safe company\" checked=\"checked\" \/><span class=\"wpcf7-list-item-label\">Safe company<\/span><\/label><\/span><span class=\"wpcf7-list-item\"><label><input type=\"checkbox\" name=\"my-services[]\" value=\"IT Care\" \/><span class=\"wpcf7-list-item-label\">IT Care<\/span><\/label><\/span><span class=\"wpcf7-list-item\"><label><input type=\"checkbox\" name=\"my-services[]\" value=\"Your business in the cloud\" \/><span class=\"wpcf7-list-item-label\">Your business in the cloud<\/span><\/label><\/span><span class=\"wpcf7-list-item\"><label><input type=\"checkbox\" name=\"my-services[]\" value=\"Report Building\" \/><span class=\"wpcf7-list-item-label\">Report Building<\/span><\/label><\/span><span class=\"wpcf7-list-item last\"><label><input type=\"checkbox\" name=\"my-services[]\" value=\"Other\" \/><span class=\"wpcf7-list-item-label\">Other<\/span><\/label><\/span><\/span><\/span>\n      <input class=\"wpcf7-form-control wpcf7-submit has-spinner\" type=\"submit\" value=\"Send\" \/>\n    <\/div>\n  <\/div>\n  <div class=\"checkbox\"><span class=\"wpcf7-form-control-wrap\" data-name=\"my-checkbox\"><span class=\"wpcf7-form-control wpcf7-acceptance optional\"><span class=\"wpcf7-list-item\"><label><input type=\"checkbox\" name=\"my-checkbox\" value=\"1\" aria-invalid=\"false\" \/><span class=\"wpcf7-list-item-label\">I consent to receiving commercial information from Lemon Pro Sp. z o.o. <span class=\"read-more\">read more<\/span><div class=\"more-text\">I have the right to withdraw my consent at any time (data is processed until consent is withdrawn). I have the right to access my data, rectify it, delete it, or restrict its processing, the right to object, the right to file a complaint with a supervisory authority, or the right to data portability. The administrator is Lemon Pro Sp. z o.o., Pi\u0119kna 18, 00-549 Warsaw, NIP 521-36-555-26, Regon 146875219, KRS 000477432, District Court for the Capital City of Warsaw, 13th Commercial Division of the National Court Register. The administrator processes data in accordance with the Privacy Policy.<\/div><\/span><\/label><\/span><\/span><\/span><\/div>\n<\/div><div class=\"wpcf7-response-output\" aria-hidden=\"true\"><\/div>\n<\/form>\n<\/div>\n\n                        <\/div>\n                    <\/div>\n                <\/div>\n            <\/div>\n        <\/div>\n    <\/div>\n<script>\n    function loadGoogleMapsScript() {\n        console.log(\"\u0141adowanie skryptu Google Maps...\");\n        if (typeof google === 'undefined' || typeof google.maps === 'undefined') {\n            let script = document.createElement(\"script\");\n            script.src = \"https:\/\/maps.googleapis.com\/maps\/api\/js?key=AIzaSyD7c0QCcRHtHj0ULqENaM2JLn4iZi6aYa8&callback=init\";\n            script.async = true;\n            script.defer = true;\n            document.head.appendChild(script);\n        } else {\n            console.log(\"Google Maps ju\u017c za\u0142adowane.\");\n            init();\n        }\n    }\n\n    function init() {\n        console.log(\"Inicjalizacja mapy...\");\n\n        var mapElement = document.getElementById('mapkit');\n        if (!mapElement) {\n            console.error(\"\u274c B\u0142\u0105d: Element #mapkit nie zosta\u0142 znaleziony!\");\n            return;\n        }\n\n        let zoom = Number(mapElement.dataset.zoom) || 17;\n\n        console.log(\"Ustawienia mapy:\", { zoom });\n\n        var mapCenter = { lat: 52.164322, lng: 21.019065 }; \/\/ Centrum mapy\n        var markerPosition = { lat: 52.1234606, lng: 21.0187769 }; \/\/ Pozycja markera\n\n        var mapOptions = {\n            center: mapCenter,\n            zoom: zoom,\n            gestureHandling: 'auto',\n            fullscreenControl: true, \/\/ W\u0142\u0105cz pe\u0142ny ekran\n            zoomControl: true,\n            disableDoubleClickZoom: true,\n            mapTypeControl: false,\n            mapTypeControlOptions: {\n                style: google.maps.MapTypeControlStyle.DROPDOWN_MENU,\n            },\n            scaleControl: true,\n            scrollwheel: false,\n            streetViewControl: false,\n            draggable: true,\n            clickableIcons: false,\n            mapTypeId: google.maps.MapTypeId.ROADMAP,\n        };\n\n        var map = new google.maps.Map(mapElement, mapOptions);\n        console.log(\"\u2714\ufe0f Mapa za\u0142adowana!\");\n\n        var location = {\n            \"title\": \"Lemon Pro\",\n            \"address\": \"ul. Pu\u0142awska 543\/15, 02-884 Warszawa, Polska\",\n            \"lat\": markerPosition.lat,\n            \"lng\": markerPosition.lng\n        };\n\n        console.log(\"\u2795 Dodawanie markera:\", location);\n\n        var marker = new google.maps.Marker({\n            position: { lat: location.lat, lng: location.lng },\n            map: map,\n            title: location.title,\n            icon: {\n                url: \"https:\/\/lemonpro.azureedge.net\/wp-content\/uploads\/2024\/08\/marker.png\", \/\/ Ustawienie ikony markera\n                scaledSize: new google.maps.Size(25, 25) \/\/ Skalowanie do 50x50 px (mo\u017cesz dostosowa\u0107)\n            }\n        });\n\n        var infoWindowContent = `\n            <div style=\"max-width: 250px; font-family: Arial, sans-serif;\">\n                <h3 style=\"margin: 5px 0; font-size: 16px;\">${location.title}<\/h3>\n                <p style=\"margin: 5px 0; font-size: 14px;\">\ud83d\udccd ${location.address}<\/p>\n                <a href=\"https:\/\/www.google.com\/maps\/dir\/?api=1&#038;destination=${location.lat},${location.lng}\" \n                   target=\"_blank\" \n                   style=\"display: inline-block; padding: 8px 12px; background-color: #4285F4; color: #fff; text-decoration: none; border-radius: 5px; font-weight: bold;\">\n                    \u27a4 Nawiguj\n                <\/a>\n            <\/div>\n        `;\n\n        var infoWindow = new google.maps.InfoWindow({\n            content: infoWindowContent\n        });\n\t\t\/\/ Otwieranie wizyt\u00f3wki po klikni\u0119ciu w marker\n        marker.addListener(\"click\", function () {\n            infoWindow.open(map, marker);\n            console.log(\"\ud83d\udcdd Wizyt\u00f3wka otwarta.\");\n        });\n\n        \/\/ Zamkni\u0119cie wizyt\u00f3wki po klikni\u0119ciu w map\u0119\n        map.addListener(\"click\", function () {\n            infoWindow.close();\n            console.log(\"\u274c Wizyt\u00f3wka zamkni\u0119ta.\");\n        });\n\n        console.log(\"\ud83c\udfaf Marker i wizyt\u00f3wka gotowe!\");\n    }\n\n    window.addEventListener('load', loadGoogleMapsScript);\n<\/script>\n\n<div id=\"mapkit\" class=\"b-custom-maps\" width=\"100%\" data-zoom=\"13\"><\/div><section class=\"b-logo-slider o-wrapper o-uniwersal  third\" id=\"block_da97f489f5d53f3de348f204de08e3bb\" style=\"\">\n\n    \n    <div class=\"container o-uniwersal__container b-logo-slider__container\">\n        <div class=\"row b-logo-slider__row\">\n            <div class=\"col-12\">\n                <div class=\"b-logo-slider__header\">\n\n                    \n                        <h2 class=\"c-heading b-logo-slider__title c-heading--size-h2 c-heading--type-line\" style=\"--color: #293241;\">We are partners<\/h2>\n\n                    \n                                    <\/div>\n\n                \n                    \n                    <div class=\"b-logo-slider__wrap-slider\">\n\n                        <div\n        class=\"c-default-slider  c-default-slider--logos \">\n        <div class=\"js-custom-slider\">\n            <div class=\"c-default-slider__outside\">\n\n                \n                <div class=\"c-default-slider__swiper swiper js-slider\" data-cs-perview=\"2\" data-cs-arrows=\"false\" data-cs-loop=\"false\" data-cs-centerslides=\"false\" data-cs-gap=\"20\" data-cs-autoplay=\"false\" data-cs-pagination=\"false\" data-cs-autoplaydelay=\"2000\" data-cs-inverse=\"false\"\n                    data-cs-breakpoints=\"{&quot;992&quot;:{&quot;spaceBetween&quot;:50,&quot;slidesPerView&quot;:4,&quot;centeredSlides&quot;:false,&quot;loop&quot;:false},&quot;568&quot;:{&quot;spaceBetween&quot;:20,&quot;slidesPerView&quot;:3,&quot;centeredSlides&quot;:false,&quot;loop&quot;:false},&quot;260&quot;:{&quot;spaceBetween&quot;:10,&quot;slidesPerView&quot;:2,&quot;centeredSlides&quot;:false,&quot;loop&quot;:false,&quot;autoplay&quot;:{&quot;delay&quot;:3000}}}\">\n                    <div\n                        class=\"swiper-wrapper c-default-slider__swiper-wrapper c-default-slider__swiper-wrapper--logos\">\n\n                                                                                                                        <div class=\"swiper-slide c-default-slider__slide  swiper-first-slide-init\">\n                                        <a class=\"c-logo-box c-logo-box--link \" href=\"https:\/\/lemonpro.com\/en\/technologies\/microsoft\/\">\n    \n        <img decoding=\"async\" width=\"580\" height=\"236\" src=\"https:\/\/lemonpro-cmffdgb6cqctgyhx.z03.azurefd.net\/wp-content\/uploads\/2024\/09\/logo-microsoft-x2.png\" class=\"c-logo-box__img\" alt=\"\" loading=\"lazy\" srcset=\"https:\/\/lemonpro-cmffdgb6cqctgyhx.z03.azurefd.net\/wp-content\/uploads\/2024\/09\/logo-microsoft-x2.png 580w, https:\/\/lemonpro-cmffdgb6cqctgyhx.z03.azurefd.net\/wp-content\/uploads\/2024\/09\/logo-microsoft-x2-300x122.png 300w\" sizes=\"auto, (max-width: 580px) 100vw, 580px\" \/>\n\n            <\/a>\n    \n\n                                    <\/div>\n                                                                                                                                                                                    <div class=\"swiper-slide c-default-slider__slide \">\n                                        <a class=\"c-logo-box c-logo-box--link \" href=\"https:\/\/lemonpro.com\/en\/technologies\/druva\">\n    \n        <img decoding=\"async\" width=\"580\" height=\"236\" src=\"https:\/\/lemonpro-cmffdgb6cqctgyhx.z03.azurefd.net\/wp-content\/uploads\/2024\/09\/logo-druva-x2.png\" class=\"c-logo-box__img\" alt=\"\" loading=\"lazy\" srcset=\"https:\/\/lemonpro-cmffdgb6cqctgyhx.z03.azurefd.net\/wp-content\/uploads\/2024\/09\/logo-druva-x2.png 580w, https:\/\/lemonpro-cmffdgb6cqctgyhx.z03.azurefd.net\/wp-content\/uploads\/2024\/09\/logo-druva-x2-300x122.png 300w\" sizes=\"auto, (max-width: 580px) 100vw, 580px\" \/>\n\n            <\/a>\n    \n\n                                    <\/div>\n                                                                                                                                                                                    <div class=\"swiper-slide c-default-slider__slide \">\n                                        <a class=\"c-logo-box c-logo-box--link \" href=\"https:\/\/lemonpro.com\/en\/technologies\/nfon\">\n    \n        <img decoding=\"async\" width=\"582\" height=\"238\" src=\"https:\/\/lemonpro-cmffdgb6cqctgyhx.z03.azurefd.net\/wp-content\/uploads\/2024\/12\/NFONE.png\" class=\"c-logo-box__img\" alt=\"\" loading=\"lazy\" srcset=\"https:\/\/lemonpro-cmffdgb6cqctgyhx.z03.azurefd.net\/wp-content\/uploads\/2024\/12\/NFONE.png 582w, https:\/\/lemonpro-cmffdgb6cqctgyhx.z03.azurefd.net\/wp-content\/uploads\/2024\/12\/NFONE-300x123.png 300w\" sizes=\"auto, (max-width: 582px) 100vw, 582px\" \/>\n\n            <\/a>\n    \n\n                                    <\/div>\n                                                                                                                                                                                    <div class=\"swiper-slide c-default-slider__slide \">\n                                        <a class=\"c-logo-box c-logo-box--link \" href=\"https:\/\/lemonpro.com\/en\/technologies\/palo-alto-networks\">\n    \n        <img decoding=\"async\" width=\"580\" height=\"236\" src=\"https:\/\/lemonpro-cmffdgb6cqctgyhx.z03.azurefd.net\/wp-content\/uploads\/2024\/09\/paloalto-x2.png\" class=\"c-logo-box__img\" alt=\"\" loading=\"lazy\" srcset=\"https:\/\/lemonpro-cmffdgb6cqctgyhx.z03.azurefd.net\/wp-content\/uploads\/2024\/09\/paloalto-x2.png 580w, https:\/\/lemonpro-cmffdgb6cqctgyhx.z03.azurefd.net\/wp-content\/uploads\/2024\/09\/paloalto-x2-300x122.png 300w\" sizes=\"auto, (max-width: 580px) 100vw, 580px\" \/>\n\n            <\/a>\n    \n\n                                    <\/div>\n                                                                                    \n                    <\/div>\n                <\/div>\n\n                \n                <div class=\"js-pagination c-default-slider__pagination\"><\/div>\n\n                                \n            <\/div>\n        <\/div>\n    <\/div>\n\n                    \n                    <\/div>\n\n                    \n                                \n                \n            <\/div>\n        <\/div>\n    <\/div>\n<\/section>","protected":false},"excerpt":{"rendered":"","protected":false},"author":5,"featured_media":0,"parent":0,"menu_order":39,"comment_status":"closed","ping_status":"closed","template":"","meta":{"_acf_changed":false,"footnotes":""},"class_list":["post-17578","page","type-page","status-publish","hentry"],"acf":[],"_links":{"self":[{"href":"https:\/\/lemonpro.com\/en\/wp-json\/wp\/v2\/pages\/17578","targetHints":{"allow":["GET"]}}],"collection":[{"href":"https:\/\/lemonpro.com\/en\/wp-json\/wp\/v2\/pages"}],"about":[{"href":"https:\/\/lemonpro.com\/en\/wp-json\/wp\/v2\/types\/page"}],"author":[{"embeddable":true,"href":"https:\/\/lemonpro.com\/en\/wp-json\/wp\/v2\/users\/5"}],"replies":[{"embeddable":true,"href":"https:\/\/lemonpro.com\/en\/wp-json\/wp\/v2\/comments?post=17578"}],"version-history":[{"count":3,"href":"https:\/\/lemonpro.com\/en\/wp-json\/wp\/v2\/pages\/17578\/revisions"}],"predecessor-version":[{"id":18356,"href":"https:\/\/lemonpro.com\/en\/wp-json\/wp\/v2\/pages\/17578\/revisions\/18356"}],"wp:attachment":[{"href":"https:\/\/lemonpro.com\/en\/wp-json\/wp\/v2\/media?parent=17578"}],"curies":[{"name":"wp","href":"https:\/\/api.w.org\/{rel}","templated":true}]}}