{"id":18732,"date":"2024-09-23T10:41:11","date_gmt":"2024-09-23T08:41:11","guid":{"rendered":"https:\/\/lemonpro.com\/career\/"},"modified":"2025-12-12T13:50:44","modified_gmt":"2025-12-12T12:50:44","slug":"career","status":"publish","type":"page","link":"https:\/\/lemonpro.com\/en\/career\/","title":{"rendered":"Career"},"content":{"rendered":"<div class=\"container\">\n            <\/div>\n\n<section class=\"b-hero o-uniwersal  default b-hero--lower-height2\" id=\"block_862b0f1e7e8222f9f326bb9ac68a79a2\" style=\"\">\n\n    \n        <div class=\"b-hero__popup-slide\">\n            <div class=\"c-popup-slide-form primary\">\n    <div class=\"c-popup-slide-form__header js-switchers-custom\">\n        <div class=\"c-popup-slide-form__icon\">\n           <svg enable-background=\"new 0 0 50 50\" height=\"20px\" version=\"1.1\" viewBox=\"0 0 50 50\" width=\"20px\" xml:space=\"preserve\" xmlns=\"http:\/\/www.w3.org\/2000\/svg\" xmlns:xlink=\"http:\/\/www.w3.org\/1999\/xlink\"><rect fill=\"none\" height=\"50\" width=\"50\"\/><line fill=\"none\" stroke=\"#ffffff\" stroke-miterlimit=\"10\" stroke-width=\"4\" x1=\"9\" x2=\"41\" y1=\"25\" y2=\"25\"\/><line class=\"second\" fill=\"none\" stroke=\"#ffffff\" stroke-miterlimit=\"10\" stroke-width=\"4\" x1=\"25\" x2=\"25\" y1=\"9\" y2=\"41\"\/><\/svg>        <\/div>\n        <div class=\"c-popup-slide-form__text\">\n            Contact\n        <\/div>\n    <\/div>\n    <div class=\"c-popup-slide-form__body\">\n        \n        <div class=\"c-form-basic\">\n            <div class=\"c-form-basic__form\">\n                \n<div class=\"wpcf7 no-js\" id=\"wpcf7-f17591-o1\" lang=\"en-US\" dir=\"ltr\" data-wpcf7-id=\"17591\">\n<div class=\"screen-reader-response\"><p role=\"status\" aria-live=\"polite\" aria-atomic=\"true\"><\/p> <ul><\/ul><\/div>\n<form action=\"\/en\/wp-json\/wp\/v2\/pages\/18732#wpcf7-f17591-o1\" method=\"post\" class=\"wpcf7-form init wpcf7-acceptance-as-validation\" aria-label=\"Contact form\" novalidate=\"novalidate\" data-status=\"init\">\n<fieldset class=\"hidden-fields-container\"><input type=\"hidden\" name=\"_wpcf7\" value=\"17591\" \/><input type=\"hidden\" name=\"_wpcf7_version\" value=\"6.1.5\" \/><input type=\"hidden\" name=\"_wpcf7_locale\" value=\"en_US\" \/><input type=\"hidden\" name=\"_wpcf7_unit_tag\" value=\"wpcf7-f17591-o1\" \/><input type=\"hidden\" name=\"_wpcf7_container_post\" value=\"0\" \/><input type=\"hidden\" name=\"_wpcf7_posted_data_hash\" value=\"\" \/><input type=\"hidden\" name=\"_wpcf7_recaptcha_response\" value=\"\" \/>\n<\/fieldset>\n<div class=\"c-form-field \">\n<label for=\"your-name-inp\" class=\"c-form-field__label\">Name:*<\/label>\n    <span class=\"wpcf7-form-control-wrap\" data-name=\"your-name\"><input size=\"40\" maxlength=\"400\" class=\"wpcf7-form-control wpcf7-text wpcf7-validates-as-required c-form-field__input\" id=\"your-name-inp\" autocomplete=\"name\" aria-required=\"true\" aria-invalid=\"false\" value=\"\" type=\"text\" name=\"your-name\" \/><\/span> \n<\/div>\n<div class=\"c-form-field\">\n    <label for=\"your-email-inp\" class=\"c-form-field__label\">E-mail:*<\/label>\n    <span class=\"wpcf7-form-control-wrap\" data-name=\"your-email\"><input size=\"40\" maxlength=\"400\" class=\"wpcf7-form-control wpcf7-email wpcf7-validates-as-required wpcf7-text wpcf7-validates-as-email c-form-field__input\" id=\"your-email-inp\" autocomplete=\"email\" aria-required=\"true\" aria-invalid=\"false\" value=\"\" type=\"email\" name=\"your-email\" \/><\/span>\n<\/div>\n<div class=\"c-form-field\">\n    <label for=\"tel-946-inp\" class=\"c-form-field__label\">Phone number:<\/label>\n    <span class=\"wpcf7-form-control-wrap\" data-name=\"tel-946\"><input size=\"40\" maxlength=\"400\" class=\"wpcf7-form-control wpcf7-tel wpcf7-text wpcf7-validates-as-tel c-form-field__input\" id=\"tel-946-inp\" aria-invalid=\"false\" value=\"\" type=\"tel\" name=\"tel-946\" \/><\/span>\n<\/div>\n<div class=\"c-form-field\">\n<label for=\"your-message-inp\" class=\"c-form-field__label\">Inquiry<\/label>\n    <span class=\"wpcf7-form-control-wrap\" data-name=\"your-message\"><textarea cols=\"40\" rows=\"10\" maxlength=\"2000\" class=\"wpcf7-form-control wpcf7-textarea c-form-field__input c-form-field__input--textarea\" id=\"your-message-inp\" aria-invalid=\"false\" name=\"your-message\"><\/textarea><\/span>\n<\/div>\n<div class=\"c-form-field c-form-field--acceptance-wrapper\">\n<span class=\"wpcf7-form-control-wrap\" data-name=\"acceptance-636\"><span class=\"wpcf7-form-control wpcf7-acceptance\"><span class=\"wpcf7-list-item\"><label><input type=\"checkbox\" name=\"acceptance-636\" value=\"1\" aria-invalid=\"false\" \/><span class=\"wpcf7-list-item-label\">I accept the terms of <a href=\"\/polityka-prywatnosci\/\">the Privacy Policy<\/a><\/span><\/label><\/span><\/span><\/span>\n<\/div>\n\n<div class=\"c-form-field c-form-field--submit\">\n<input class=\"wpcf7-form-control wpcf7-submit has-spinner c-btn\" type=\"submit\" value=\"Send\" \/>\n<\/div><div class=\"wpcf7-response-output\" aria-hidden=\"true\"><\/div>\n<\/form>\n<\/div>\n\n            <\/div>\n        <\/div>\n\n    <\/div>\n<\/div>\n\n        <\/div>\n\n    \n    <div class=\"b-hero__wrapper\">\n\n        \n            <div class=\"b-hero__img-wrapper\" style=\"--bg_image_color: #ffd400; --bg_image_bg_color: #ffff21;\">\n                <img decoding=\"async\" width=\"2560\" height=\"859\" src=\"https:\/\/lemonpro-cmffdgb6cqctgyhx.z03.azurefd.net\/wp-content\/uploads\/2024\/07\/PNG-image-scaled.jpeg\" class=\"b-hero__img\" alt=\"\" loading=\"lazy\" style=\"--opacity: 0.5\" srcset=\"https:\/\/lemonpro-cmffdgb6cqctgyhx.z03.azurefd.net\/wp-content\/uploads\/2024\/07\/PNG-image-scaled.jpeg 2560w, https:\/\/lemonpro-cmffdgb6cqctgyhx.z03.azurefd.net\/wp-content\/uploads\/2024\/07\/PNG-image-300x101.jpeg 300w, https:\/\/lemonpro-cmffdgb6cqctgyhx.z03.azurefd.net\/wp-content\/uploads\/2024\/07\/PNG-image-1024x343.jpeg 1024w, https:\/\/lemonpro-cmffdgb6cqctgyhx.z03.azurefd.net\/wp-content\/uploads\/2024\/07\/PNG-image-768x258.jpeg 768w, https:\/\/lemonpro-cmffdgb6cqctgyhx.z03.azurefd.net\/wp-content\/uploads\/2024\/07\/PNG-image-1536x515.jpeg 1536w, https:\/\/lemonpro-cmffdgb6cqctgyhx.z03.azurefd.net\/wp-content\/uploads\/2024\/07\/PNG-image-2048x687.jpeg 2048w\" sizes=\"auto, (max-width: 2560px) 100vw, 2560px\" \/>\n            <\/div>\n\n        \t\t\n\n        \t\t\n\n        <div class=\"container b-hero__container\">\n            <div class=\"row b-hero__row\">\n                <div class=\"col-lg-6 offset-lg-0 b-hero__col b-hero__col--desc\">\n                    <div class=\"b-hero__header\">\n\n                        \n                            <h2 class=\"c-heading b-hero__title c-heading--size-h2 c-heading--color-default\" style=\"\">Recruitment<\/h2>\n\n                        \n                                                \n                                            <\/div>\n                <\/div>\n            <\/div>\n\n            \n        <\/div>\n    <\/div>\n<\/section><section class=\"b-flexible-content o-wrapper o-uniwersal  default\" id=\"block_2068f00a5fff39ab7a13c0c02958de4a\" style=\"--box-alignment: center;--title-align: left;\">\n\n    \n    <div class=\"container o-uniwersal__container b-flexible-content__container\">\n        <div class=\"row b-flexible-content__row\">\n            <div class=\"col-12 b-flexible-content__col b-flexible-content__col--desc\">\n\n                \n                    <h2 class=\"c-heading b-flexible-content__title c-heading--size-h2 c-heading--color-default c-heading--type-line\" style=\"\">We are recruiting for positions  <\/h2>\n\n                            <\/div>\n        <\/div>\n\n        \n        \n        <div class=\"row b-flexible-content__row b-flexible-content__row--boxes\">\n\n            \n                \n                    <div class=\"col-lg-3 col-12 b-flexible-content__col b-flexible-content__col--box\" style=\"--bs-gutter-x: 16px;\">\n\n                        \n                        <a class=\"c-box-industry c-box-industry--link\" href=\"http:\/\/lemonpro.com\/kariera\/inzynier-sprzedazy\/\">\n    \n    \n        <img decoding=\"async\" width=\"595\" height=\"567\" src=\"https:\/\/lemonpro-cmffdgb6cqctgyhx.z03.azurefd.net\/wp-content\/uploads\/2024\/07\/box-bg-2.png\" class=\"c-box-industry__img\" alt=\"\" loading=\"lazy\" srcset=\"https:\/\/lemonpro-cmffdgb6cqctgyhx.z03.azurefd.net\/wp-content\/uploads\/2024\/07\/box-bg-2.png 595w, https:\/\/lemonpro-cmffdgb6cqctgyhx.z03.azurefd.net\/wp-content\/uploads\/2024\/07\/box-bg-2-300x286.png 300w\" sizes=\"auto, (max-width: 595px) 100vw, 595px\" \/>\n\n    \n    \n        <div class=\"c-box-industry__header\">\n            <div class=\"c-heading c-box-industry__title c-heading--size-h3 c-heading--color-white\" style=\"\">Sales Engineer<\/div>\n        <\/div>\n\n    \n    <div class=\"c-box-industry__footer\">\n\n                    <span class=\"c-box-industry__fake-link\">Szczeg\u00f3\u0142y &gt;<\/span>\n                \n    <\/div>\n\n            <\/a>\n    \n\n                    <\/div>\n                    \n                \n                    <div class=\"col-lg-3 col-12 b-flexible-content__col b-flexible-content__col--box\" style=\"--bs-gutter-x: 16px;\">\n\n                        \n                        <a class=\"c-box-industry c-box-industry--link\" href=\"http:\/\/lemonpro.com\/kariera\/inzynier-systemow-microsoft\/\">\n    \n    \n        <img decoding=\"async\" width=\"2380\" height=\"2268\" src=\"https:\/\/lemonpro-cmffdgb6cqctgyhx.z03.azurefd.net\/wp-content\/uploads\/2024\/07\/Image.jpg\" class=\"c-box-industry__img\" alt=\"\" loading=\"lazy\" srcset=\"https:\/\/lemonpro-cmffdgb6cqctgyhx.z03.azurefd.net\/wp-content\/uploads\/2024\/07\/Image.jpg 2380w, https:\/\/lemonpro-cmffdgb6cqctgyhx.z03.azurefd.net\/wp-content\/uploads\/2024\/07\/Image-300x286.jpg 300w, https:\/\/lemonpro-cmffdgb6cqctgyhx.z03.azurefd.net\/wp-content\/uploads\/2024\/07\/Image-1024x976.jpg 1024w, https:\/\/lemonpro-cmffdgb6cqctgyhx.z03.azurefd.net\/wp-content\/uploads\/2024\/07\/Image-768x732.jpg 768w, https:\/\/lemonpro-cmffdgb6cqctgyhx.z03.azurefd.net\/wp-content\/uploads\/2024\/07\/Image-1536x1464.jpg 1536w, https:\/\/lemonpro-cmffdgb6cqctgyhx.z03.azurefd.net\/wp-content\/uploads\/2024\/07\/Image-2048x1952.jpg 2048w\" sizes=\"auto, (max-width: 2380px) 100vw, 2380px\" \/>\n\n    \n    \n        <div class=\"c-box-industry__header\">\n            <div class=\"c-heading c-box-industry__title c-heading--size-h3 c-heading--color-white\" style=\"\">Microsoft Systems Engineer<\/div>\n        <\/div>\n\n    \n    <div class=\"c-box-industry__footer\">\n\n                    <span class=\"c-box-industry__fake-link\">Szczeg\u00f3\u0142y &gt;<\/span>\n                \n    <\/div>\n\n            <\/a>\n    \n\n                    <\/div>\n                    \n                \n                    <div class=\"col-lg-3 col-12 b-flexible-content__col b-flexible-content__col--box\" style=\"--bs-gutter-x: 16px;\">\n\n                        \n                        <a class=\"c-box-industry c-box-industry--link\" href=\"http:\/\/lemonpro.com\/kariera\/microsoft-bi-developer\/\">\n    \n    \n        <img decoding=\"async\" width=\"2380\" height=\"2268\" src=\"https:\/\/lemonpro-cmffdgb6cqctgyhx.z03.azurefd.net\/wp-content\/uploads\/2024\/07\/Image.jpg\" class=\"c-box-industry__img\" alt=\"\" loading=\"lazy\" srcset=\"https:\/\/lemonpro-cmffdgb6cqctgyhx.z03.azurefd.net\/wp-content\/uploads\/2024\/07\/Image.jpg 2380w, https:\/\/lemonpro-cmffdgb6cqctgyhx.z03.azurefd.net\/wp-content\/uploads\/2024\/07\/Image-300x286.jpg 300w, https:\/\/lemonpro-cmffdgb6cqctgyhx.z03.azurefd.net\/wp-content\/uploads\/2024\/07\/Image-1024x976.jpg 1024w, https:\/\/lemonpro-cmffdgb6cqctgyhx.z03.azurefd.net\/wp-content\/uploads\/2024\/07\/Image-768x732.jpg 768w, https:\/\/lemonpro-cmffdgb6cqctgyhx.z03.azurefd.net\/wp-content\/uploads\/2024\/07\/Image-1536x1464.jpg 1536w, https:\/\/lemonpro-cmffdgb6cqctgyhx.z03.azurefd.net\/wp-content\/uploads\/2024\/07\/Image-2048x1952.jpg 2048w\" sizes=\"auto, (max-width: 2380px) 100vw, 2380px\" \/>\n\n    \n    \n        <div class=\"c-box-industry__header\">\n            <div class=\"c-heading c-box-industry__title c-heading--size-h3 c-heading--color-white\" style=\"\">Microsoft BI Developer<\/div>\n        <\/div>\n\n    \n    <div class=\"c-box-industry__footer\">\n\n                    <span class=\"c-box-industry__fake-link\">Szczeg\u00f3\u0142y &gt;<\/span>\n                \n    <\/div>\n\n            <\/a>\n    \n\n                    <\/div>\n                    \n                    \n\n            \n        <\/div>\n        \n            <\/div>\n<\/section><section class=\"b-desc-image o-wrapper o-uniwersal  default b-desc-image--none\" id=\"block_26163c09367851db2ff7dc801fd73894\" style=\"\">\n\n    \n    <div class=\"container o-uniwersal__container\">\n        <div class=\"row b-desc-image__row\">\n            <div class=\"col-lg b-desc-image__col b-desc-image__col--desc\">\n                <div class=\"b-desc-image__header\">\n\n                    \n                        <h2 class=\"c-heading b-desc-image__title c-heading--size-h2 c-heading--color-default c-heading--type- c-heading--type-line-default\" style=\"\">Razem tworzymy przysz\u0142o\u015b\u0107 IT \u2013 do\u0142\u0105cz do nas!<\/h2>\n\n                    \n                    \n                        <div class=\"c-text b-desc-image__desc c-text--weight-400 c-text--color-default\" style=\"\"><p style=\"text-align: justify;\">W Lemon Pro wierzymy, \u017ce sukces buduje si\u0119 dzi\u0119ki zaanga\u017cowaniu, wiedzy i wsp\u00f3\u0142pracy. Jeste\u015bmy zespo\u0142em pasjonat\u00f3w technologii, kt\u00f3rzy ka\u017cdego dnia pomagaj\u0105 naszym klientom wdra\u017ca\u0107 innowacyjne rozwi\u0105zania wspieraj\u0105ce rozw\u00f3j ich biznes\u00f3w. Dzi\u0119ki nam firmy z r\u00f3\u017cnych bran\u017c mog\u0105 efektywniej wykorzystywa\u0107 nowe technologie i skalowa\u0107 swoje dzia\u0142ania.<\/p>\r\n<p style=\"text-align: justify;\">Nasza praca to nie tylko wsparcie techniczne \u2013 to tak\u017ce budowanie d\u0142ugoterminowych relacji opartych na zaufaniu i wsp\u00f3lnych warto\u015bciach. Ka\u017cdy projekt traktujemy indywidualnie, tworz\u0105c rozwi\u0105zania, kt\u00f3re realnie zmieniaj\u0105 spos\u00f3b dzia\u0142ania naszych klient\u00f3w.<\/p><\/div>\n\n\n                                    <\/div>\n\n                \n                \n                <div class=\"b-desc-image__footer\">\n\n                    \n                <\/div>\n            <\/div>\n\n            <div class=\"col-lg-6 b-desc-image__col b-desc-image__col--image\">\n\n                \n                    <div class=\"b-desc-image__img-wrapper\" style=\"--image-color-new:#fede0f;\">\n                                                    <img decoding=\"async\" width=\"1500\" height=\"1500\" src=\"https:\/\/lemonpro-cmffdgb6cqctgyhx.z03.azurefd.net\/wp-content\/uploads\/2025\/01\/88.png\" class=\"b-desc-image__img\" alt=\"\" style=\"filter: grayscale(100%);\" loading=\"lazy\" srcset=\"https:\/\/lemonpro-cmffdgb6cqctgyhx.z03.azurefd.net\/wp-content\/uploads\/2025\/01\/88.png 1500w, https:\/\/lemonpro-cmffdgb6cqctgyhx.z03.azurefd.net\/wp-content\/uploads\/2025\/01\/88-300x300.png 300w, https:\/\/lemonpro-cmffdgb6cqctgyhx.z03.azurefd.net\/wp-content\/uploads\/2025\/01\/88-1024x1024.png 1024w, https:\/\/lemonpro-cmffdgb6cqctgyhx.z03.azurefd.net\/wp-content\/uploads\/2025\/01\/88-150x150.png 150w, https:\/\/lemonpro-cmffdgb6cqctgyhx.z03.azurefd.net\/wp-content\/uploads\/2025\/01\/88-768x768.png 768w\" sizes=\"auto, (max-width: 1500px) 100vw, 1500px\" \/>\n                                            <\/div>\n\n                \n                \n                \n            <\/div>\n        <\/div>\n    <\/div>\n<\/section><section class=\"b-desc-image o-wrapper o-uniwersal  b-desc-image--reverse default b-desc-image--none\" id=\"block_a58a492226fc2b04c272d1225f9069da\" style=\"\">\n\n    \n    <div class=\"container o-uniwersal__container\">\n        <div class=\"row b-desc-image__row\">\n            <div class=\"col-lg b-desc-image__col b-desc-image__col--desc\">\n                <div class=\"b-desc-image__header\">\n\n                    \n                        <h2 class=\"c-heading b-desc-image__title c-heading--size-h2 c-heading--color-default c-heading--type- c-heading--type-line-default\" style=\"\">Rozwijaj swoje kompetencje i tw\u00f3rz z nami innowacyjne rozwi\u0105zania!<\/h2>\n\n                    \n                    \n                        <div class=\"c-text b-desc-image__desc c-text--weight-400 c-text--color-default\" style=\"\"><p style=\"text-align: justify;\">Szukamy os\u00f3b, kt\u00f3re chc\u0105 rozwija\u0107 swoje kompetencje w obszarze wsparcia sprzeda\u017cy, zarz\u0105dzania \u015brodowiskiem IT lub analizy danych biznesowych. Niezale\u017cnie od Twojej specjalizacji, w Lemon Pro znajdziesz miejsce, w kt\u00f3rym b\u0119dziesz m\u00f3g\u0142 realizowa\u0107 swoje ambicje i rozwija\u0107 si\u0119 zawodowo. \r\n<br>\r\n<br>\r\n\u015awiat biznesu nieustannie si\u0119 zmienia, a my pomagamy firmom podejmowa\u0107 lepsze decyzje dzi\u0119ki nowoczesnym narz\u0119dziom analitycznym. Jako cz\u0142onek naszego zespo\u0142u b\u0119dziesz wsp\u00f3\u0142tworzy\u0107 rozwi\u0105zania, kt\u00f3re zmieniaj\u0105 spos\u00f3b zarz\u0105dzania danymi, wspieraj\u0105 strategi\u0119 rozwoju przedsi\u0119biorstw oraz pomagaj\u0105 im osi\u0105ga\u0107 sukces w dynamicznym \u015brodowisku rynkowym.<\/p><\/div>\n\n\n                                    <\/div>\n\n                \n                \n                <div class=\"b-desc-image__footer\">\n\n                    \n                <\/div>\n            <\/div>\n\n            <div class=\"col-lg-6 b-desc-image__col b-desc-image__col--image\">\n\n                \n                    <div class=\"b-desc-image__img-wrapper\" style=\"--image-color-new:#fede0f;\">\n                                                    <img decoding=\"async\" width=\"1500\" height=\"1500\" src=\"https:\/\/lemonpro-cmffdgb6cqctgyhx.z03.azurefd.net\/wp-content\/uploads\/2025\/01\/89.png\" class=\"b-desc-image__img\" alt=\"\" style=\"filter: grayscale(100%);\" loading=\"lazy\" srcset=\"https:\/\/lemonpro-cmffdgb6cqctgyhx.z03.azurefd.net\/wp-content\/uploads\/2025\/01\/89.png 1500w, https:\/\/lemonpro-cmffdgb6cqctgyhx.z03.azurefd.net\/wp-content\/uploads\/2025\/01\/89-300x300.png 300w, https:\/\/lemonpro-cmffdgb6cqctgyhx.z03.azurefd.net\/wp-content\/uploads\/2025\/01\/89-1024x1024.png 1024w, https:\/\/lemonpro-cmffdgb6cqctgyhx.z03.azurefd.net\/wp-content\/uploads\/2025\/01\/89-150x150.png 150w, https:\/\/lemonpro-cmffdgb6cqctgyhx.z03.azurefd.net\/wp-content\/uploads\/2025\/01\/89-768x768.png 768w\" sizes=\"auto, (max-width: 1500px) 100vw, 1500px\" \/>\n                                            <\/div>\n\n                \n                \n                \n            <\/div>\n        <\/div>\n    <\/div>\n<\/section><section class=\"b-logo-slider o-wrapper o-uniwersal  third\" id=\"block_fd0b314801dcce39a2974bdd13b1d338\" style=\"\">\n\n    \n    <div class=\"container o-uniwersal__container b-logo-slider__container\">\n        <div class=\"row b-logo-slider__row\">\n            <div class=\"col-12\">\n                <div class=\"b-logo-slider__header\">\n\n                    \n                        <h2 class=\"c-heading b-logo-slider__title c-heading--size-h2 c-heading--type-line\" style=\"--color: #293241;\">We are partners<\/h2>\n\n                    \n                                    <\/div>\n\n                \n                    \n                    <div class=\"b-logo-slider__wrap-slider\">\n\n                        <div\n        class=\"c-default-slider  c-default-slider--logos \">\n        <div class=\"js-custom-slider\">\n            <div class=\"c-default-slider__outside\">\n\n                \n                <div class=\"c-default-slider__swiper swiper js-slider\" data-cs-perview=\"2\" data-cs-arrows=\"false\" data-cs-loop=\"false\" data-cs-centerslides=\"false\" data-cs-gap=\"20\" data-cs-autoplay=\"false\" data-cs-pagination=\"false\" data-cs-autoplaydelay=\"2000\" data-cs-inverse=\"false\"\n                    data-cs-breakpoints=\"{&quot;992&quot;:{&quot;spaceBetween&quot;:50,&quot;slidesPerView&quot;:4,&quot;centeredSlides&quot;:false,&quot;loop&quot;:false},&quot;568&quot;:{&quot;spaceBetween&quot;:20,&quot;slidesPerView&quot;:3,&quot;centeredSlides&quot;:false,&quot;loop&quot;:false},&quot;260&quot;:{&quot;spaceBetween&quot;:10,&quot;slidesPerView&quot;:2,&quot;centeredSlides&quot;:false,&quot;loop&quot;:false,&quot;autoplay&quot;:{&quot;delay&quot;:3000}}}\">\n                    <div\n                        class=\"swiper-wrapper c-default-slider__swiper-wrapper c-default-slider__swiper-wrapper--logos\">\n\n                                                                                                                        <div class=\"swiper-slide c-default-slider__slide  swiper-first-slide-init\">\n                                        <a class=\"c-logo-box c-logo-box--link \" href=\"https:\/\/lemonpro.com\/en\/technologies\/microsoft\/\">\n    \n        <img decoding=\"async\" width=\"580\" height=\"236\" src=\"https:\/\/lemonpro-cmffdgb6cqctgyhx.z03.azurefd.net\/wp-content\/uploads\/2024\/09\/logo-microsoft-x2.png\" class=\"c-logo-box__img\" alt=\"\" loading=\"lazy\" srcset=\"https:\/\/lemonpro-cmffdgb6cqctgyhx.z03.azurefd.net\/wp-content\/uploads\/2024\/09\/logo-microsoft-x2.png 580w, https:\/\/lemonpro-cmffdgb6cqctgyhx.z03.azurefd.net\/wp-content\/uploads\/2024\/09\/logo-microsoft-x2-300x122.png 300w\" sizes=\"auto, (max-width: 580px) 100vw, 580px\" \/>\n\n            <\/a>\n    \n\n                                    <\/div>\n                                                                                                                                                                                    <div class=\"swiper-slide c-default-slider__slide \">\n                                        <a class=\"c-logo-box c-logo-box--link \" href=\"https:\/\/lemonpro.com\/en\/technologies\/druva\">\n    \n        <img decoding=\"async\" width=\"580\" height=\"236\" src=\"https:\/\/lemonpro-cmffdgb6cqctgyhx.z03.azurefd.net\/wp-content\/uploads\/2024\/09\/logo-druva-x2.png\" class=\"c-logo-box__img\" alt=\"\" loading=\"lazy\" srcset=\"https:\/\/lemonpro-cmffdgb6cqctgyhx.z03.azurefd.net\/wp-content\/uploads\/2024\/09\/logo-druva-x2.png 580w, https:\/\/lemonpro-cmffdgb6cqctgyhx.z03.azurefd.net\/wp-content\/uploads\/2024\/09\/logo-druva-x2-300x122.png 300w\" sizes=\"auto, (max-width: 580px) 100vw, 580px\" \/>\n\n            <\/a>\n    \n\n                                    <\/div>\n                                                                                                                                                                                    <div class=\"swiper-slide c-default-slider__slide \">\n                                        <a class=\"c-logo-box c-logo-box--link \" href=\"https:\/\/lemonpro.com\/en\/technologies\/nfon\">\n    \n        <img decoding=\"async\" width=\"582\" height=\"238\" src=\"https:\/\/lemonpro-cmffdgb6cqctgyhx.z03.azurefd.net\/wp-content\/uploads\/2024\/12\/NFONE.png\" class=\"c-logo-box__img\" alt=\"\" loading=\"lazy\" srcset=\"https:\/\/lemonpro-cmffdgb6cqctgyhx.z03.azurefd.net\/wp-content\/uploads\/2024\/12\/NFONE.png 582w, https:\/\/lemonpro-cmffdgb6cqctgyhx.z03.azurefd.net\/wp-content\/uploads\/2024\/12\/NFONE-300x123.png 300w\" sizes=\"auto, (max-width: 582px) 100vw, 582px\" \/>\n\n            <\/a>\n    \n\n                                    <\/div>\n                                                                                                                                                                                    <div class=\"swiper-slide c-default-slider__slide \">\n                                        <a class=\"c-logo-box c-logo-box--link \" href=\"https:\/\/lemonpro.com\/en\/technologies\/palo-alto-networks\">\n    \n        <img decoding=\"async\" width=\"580\" height=\"236\" src=\"https:\/\/lemonpro-cmffdgb6cqctgyhx.z03.azurefd.net\/wp-content\/uploads\/2024\/09\/paloalto-x2.png\" class=\"c-logo-box__img\" alt=\"\" loading=\"lazy\" srcset=\"https:\/\/lemonpro-cmffdgb6cqctgyhx.z03.azurefd.net\/wp-content\/uploads\/2024\/09\/paloalto-x2.png 580w, https:\/\/lemonpro-cmffdgb6cqctgyhx.z03.azurefd.net\/wp-content\/uploads\/2024\/09\/paloalto-x2-300x122.png 300w\" sizes=\"auto, (max-width: 580px) 100vw, 580px\" \/>\n\n            <\/a>\n    \n\n                                    <\/div>\n                                                                                    \n                    <\/div>\n                <\/div>\n\n                \n                <div class=\"js-pagination c-default-slider__pagination\"><\/div>\n\n                                \n            <\/div>\n        <\/div>\n    <\/div>\n\n                    \n                    <\/div>\n\n                    \n                                \n                \n            <\/div>\n        <\/div>\n    <\/div>\n<\/section>","protected":false},"excerpt":{"rendered":"","protected":false},"author":5,"featured_media":0,"parent":0,"menu_order":27,"comment_status":"closed","ping_status":"closed","template":"","meta":{"_acf_changed":false,"footnotes":""},"class_list":["post-18732","page","type-page","status-publish","hentry"],"acf":[],"_links":{"self":[{"href":"https:\/\/lemonpro.com\/en\/wp-json\/wp\/v2\/pages\/18732","targetHints":{"allow":["GET"]}}],"collection":[{"href":"https:\/\/lemonpro.com\/en\/wp-json\/wp\/v2\/pages"}],"about":[{"href":"https:\/\/lemonpro.com\/en\/wp-json\/wp\/v2\/types\/page"}],"author":[{"embeddable":true,"href":"https:\/\/lemonpro.com\/en\/wp-json\/wp\/v2\/users\/5"}],"replies":[{"embeddable":true,"href":"https:\/\/lemonpro.com\/en\/wp-json\/wp\/v2\/comments?post=18732"}],"version-history":[{"count":6,"href":"https:\/\/lemonpro.com\/en\/wp-json\/wp\/v2\/pages\/18732\/revisions"}],"predecessor-version":[{"id":22487,"href":"https:\/\/lemonpro.com\/en\/wp-json\/wp\/v2\/pages\/18732\/revisions\/22487"}],"wp:attachment":[{"href":"https:\/\/lemonpro.com\/en\/wp-json\/wp\/v2\/media?parent=18732"}],"curies":[{"name":"wp","href":"https:\/\/api.w.org\/{rel}","templated":true}]}}